{"id":259,"date":"2021-05-05T23:43:33","date_gmt":"2021-05-05T21:43:33","guid":{"rendered":"http:\/\/agapp.pl\/?page_id=259"},"modified":"2025-12-08T13:27:22","modified_gmt":"2025-12-08T12:27:22","slug":"moja-rozprawa-doktorska","status":"publish","type":"page","link":"https:\/\/agapp.pl\/index.php\/moja-rozprawa-doktorska\/","title":{"rendered":"Moja Rozprawa Doktorska"},"content":{"rendered":"\n<p class=\"has-text-align-center\"><img loading=\"lazy\" decoding=\"async\" width=\"190\" height=\"107\" class=\"wp-image-260\" style=\"width: 190px;\" src=\"http:\/\/agapp.pl\/wp-content\/uploads\/2021\/05\/C1063518-ED86-4A5A-A305-738998B0C8B0.jpeg\" alt=\"\" srcset=\"https:\/\/agapp.pl\/wp-content\/uploads\/2021\/05\/C1063518-ED86-4A5A-A305-738998B0C8B0.jpeg 2048w, https:\/\/agapp.pl\/wp-content\/uploads\/2021\/05\/C1063518-ED86-4A5A-A305-738998B0C8B0-300x169.jpeg 300w, https:\/\/agapp.pl\/wp-content\/uploads\/2021\/05\/C1063518-ED86-4A5A-A305-738998B0C8B0-1024x576.jpeg 1024w, https:\/\/agapp.pl\/wp-content\/uploads\/2021\/05\/C1063518-ED86-4A5A-A305-738998B0C8B0-768x432.jpeg 768w, https:\/\/agapp.pl\/wp-content\/uploads\/2021\/05\/C1063518-ED86-4A5A-A305-738998B0C8B0-1536x864.jpeg 1536w\" sizes=\"auto, (max-width: 190px) 100vw, 190px\" \/><\/p>\n\n\n\n<p>Temat: ,Joga, aktywno\u015b\u0107 fizyczna i rekreacyjno-ruchowa a jako\u015b\u0107 \u017cycia\u2019.<\/p>\n\n\n\n<p>Promotor: Prof. dr hab. med. Jacek Wysocki<\/p>\n\n\n\n<p>Publiczna obrona Rozprawy doktorskiej mgr Agnieszki Pluto-Pr\u0105dzy\u0144skiej odby\u0142a si\u0119 w dniu 8 lipca 2020r. Jednostka nadaj\u0105ca tytu\u0142:  Uniwersytet Medyczny im. Karola Marcinkowskiego w Poznaniu, Wydzia\u0142 Nauk o Zdrowiu.<\/p>\n\n\n\n<p>Data wszcz\u0119cia przewodu doktorskiego: 29.10.2018r.<\/p>\n\n\n\n<p class=\"has-text-align-center\"><img loading=\"lazy\" decoding=\"async\" width=\"150\" height=\"150\" class=\"wp-image-261\" style=\"width: 150px;\" src=\"http:\/\/agapp.pl\/wp-content\/uploads\/2021\/05\/37423B1D-E6A4-4B3A-805D-E2C1D4E0DBFD.jpeg\" alt=\"\" srcset=\"https:\/\/agapp.pl\/wp-content\/uploads\/2021\/05\/37423B1D-E6A4-4B3A-805D-E2C1D4E0DBFD.jpeg 2048w, https:\/\/agapp.pl\/wp-content\/uploads\/2021\/05\/37423B1D-E6A4-4B3A-805D-E2C1D4E0DBFD-300x300.jpeg 300w, https:\/\/agapp.pl\/wp-content\/uploads\/2021\/05\/37423B1D-E6A4-4B3A-805D-E2C1D4E0DBFD-1024x1024.jpeg 1024w, https:\/\/agapp.pl\/wp-content\/uploads\/2021\/05\/37423B1D-E6A4-4B3A-805D-E2C1D4E0DBFD-150x150.jpeg 150w, https:\/\/agapp.pl\/wp-content\/uploads\/2021\/05\/37423B1D-E6A4-4B3A-805D-E2C1D4E0DBFD-768x768.jpeg 768w, https:\/\/agapp.pl\/wp-content\/uploads\/2021\/05\/37423B1D-E6A4-4B3A-805D-E2C1D4E0DBFD-1536x1536.jpeg 1536w\" sizes=\"auto, (max-width: 150px) 100vw, 150px\" \/><\/p>\n\n\n\n<p>Emocje ogromne i rado\u015b\u0107 z sukcesu i spe\u0142nienia marzenia o doktoracie! \u015awi\u0119towali\u015bmy jedz\u0105c tort wykonany przez moj\u0105 C\u00f3rk\u0119, Karolin\u0119\ud83d\ude0a<\/p>\n\n\n\n<p class=\"has-text-align-center\"><img loading=\"lazy\" decoding=\"async\" width=\"150\" height=\"200\" class=\"wp-image-267\" style=\"width: 150px;\" src=\"http:\/\/agapp.pl\/wp-content\/uploads\/2021\/05\/FDF5B8EA-E2C6-42F3-B859-447CF245EA7A-scaled.jpeg\" alt=\"\" srcset=\"https:\/\/agapp.pl\/wp-content\/uploads\/2021\/05\/FDF5B8EA-E2C6-42F3-B859-447CF245EA7A-scaled.jpeg 1920w, https:\/\/agapp.pl\/wp-content\/uploads\/2021\/05\/FDF5B8EA-E2C6-42F3-B859-447CF245EA7A-225x300.jpeg 225w, https:\/\/agapp.pl\/wp-content\/uploads\/2021\/05\/FDF5B8EA-E2C6-42F3-B859-447CF245EA7A-768x1024.jpeg 768w, https:\/\/agapp.pl\/wp-content\/uploads\/2021\/05\/FDF5B8EA-E2C6-42F3-B859-447CF245EA7A-1152x1536.jpeg 1152w, https:\/\/agapp.pl\/wp-content\/uploads\/2021\/05\/FDF5B8EA-E2C6-42F3-B859-447CF245EA7A-1536x2048.jpeg 1536w\" sizes=\"auto, (max-width: 150px) 100vw, 150px\" \/><\/p>\n","protected":false},"excerpt":{"rendered":"<p>Temat: ,Joga, aktywno\u015b\u0107 fizyczna i rekreacyjno-ruchowa a jako\u015b\u0107 \u017cycia\u2019. Promotor: Prof. dr hab. med. Jacek Wysocki Publiczna obrona Rozprawy doktorskiej mgr Agnieszki Pluto-Pr\u0105dzy\u0144skiej odby\u0142a si\u0119 w dniu 8&#8230;<\/p>\n","protected":false},"author":1,"featured_media":0,"parent":0,"menu_order":7,"comment_status":"closed","ping_status":"closed","template":"","meta":{"footnotes":""},"class_list":["post-259","page","type-page","status-publish","hentry"],"_links":{"self":[{"href":"https:\/\/agapp.pl\/index.php\/wp-json\/wp\/v2\/pages\/259","targetHints":{"allow":["GET"]}}],"collection":[{"href":"https:\/\/agapp.pl\/index.php\/wp-json\/wp\/v2\/pages"}],"about":[{"href":"https:\/\/agapp.pl\/index.php\/wp-json\/wp\/v2\/types\/page"}],"author":[{"embeddable":true,"href":"https:\/\/agapp.pl\/index.php\/wp-json\/wp\/v2\/users\/1"}],"replies":[{"embeddable":true,"href":"https:\/\/agapp.pl\/index.php\/wp-json\/wp\/v2\/comments?post=259"}],"version-history":[{"count":4,"href":"https:\/\/agapp.pl\/index.php\/wp-json\/wp\/v2\/pages\/259\/revisions"}],"predecessor-version":[{"id":395,"href":"https:\/\/agapp.pl\/index.php\/wp-json\/wp\/v2\/pages\/259\/revisions\/395"}],"wp:attachment":[{"href":"https:\/\/agapp.pl\/index.php\/wp-json\/wp\/v2\/media?parent=259"}],"curies":[{"name":"wp","href":"https:\/\/api.w.org\/{rel}","templated":true}]}}